{"id":52,"date":"2016-02-17T18:28:47","date_gmt":"2016-02-17T18:28:47","guid":{"rendered":"http:\/\/mp-kanzlei.com\/?page_id=52"},"modified":"2024-09-29T09:58:48","modified_gmt":"2024-09-29T09:58:48","slug":"impressum","status":"publish","type":"page","link":"https:\/\/mp-kanzlei.com\/?page_id=52","title":{"rendered":"Impressum"},"content":{"rendered":"<p><em><strong>Verantwortlich f\u00fcr den Inhalt:<\/strong> <\/em><\/p>\n<p>Inhaber RA Ulf Karpe<\/p>\n<p><strong><em>Sitz der Kanzlei:<\/em><\/strong><\/p>\n<p>Torstra\u00dfe 105-107<br \/>\n10119 Berlin<br \/>\n<a href=\"https:\/\/mp-kanzlei.com\/kontakt\">info@mp-kanzlei.com<\/a><\/p>\n<p><em><strong>Zweigstellen:<\/strong><\/em><\/p>\n<p>Pfalzplatz 14<br \/>\n06237 Leuna<br \/>\n034 61 &#8211; 277 990<\/p>\n<hr \/>\n<table width=\"670\">\n<tbody>\n<tr>\n<td width=\"60%\"><strong>Zust\u00e4ndige Kammer:<\/strong><br \/>\nRechtsanwaltskammer des Landes Sachsen-Anhalt<br \/>\nGerhard-Hauptmann-Stra\u00dfe 5<br \/>\n39108 Magdeburg<\/p>\n<hr \/>\n<p><strong>Berufshaftpflichtversicherung:<\/strong><br \/>\nR+V Versicherung AG<br \/>\nRaiffeisenplatz 1<br \/>\n65189 Wiesbaden<\/p>\n<p>als Rechtsanw\u00e4lte sind wir gem\u00e4\u00df der Bundesrechtsanwaltsordnung (BRAO) verpflichtet, eine Berufshaftpflichtversicherung mit einer Mindestversicherungssumme von 250.000 \u20ac zu unterhalten.<\/p>\n<hr \/>\n<p><strong>berufsrechtliche Regelungen:<\/strong><br \/>\nberufsregelnde Gesetze sind zug\u00e4nglich \u00fcber <a href=\"http:\/\/www.brak.de\" target=\"_blank\" rel=\"noopener\">www.brak.de<\/a>,<\/p>\n<p><a href=\"http:\/\/www.brak.de\/w\/files\/02_fuer_anwaelte\/berufsrecht\/bora-stand-01.07.15.pdf\" target=\"_blank\" rel=\"noopener\">Berufsordnung f\u00fcr Rechtsanw\u00e4lte (BORA)<\/a><br \/>\n<a href=\"http:\/\/bundesrecht.juris.de\/brao\/index.html\" target=\"_blank\" rel=\"noopener\">Bundesrechtsanwaltsordnung (BRAO)<\/a><br \/>\n<a href=\"http:\/\/bundesrecht.juris.de\/rvg\/index.html\" target=\"_blank\" rel=\"noopener\">Rechtsanwaltsverg\u00fctungsgesetz (RVG)<\/a><br \/>\n<a href=\"http:\/\/www.brak.de\/w\/files\/02_fuer_anwaelte\/berufsrecht\/fao-stand-01-01-2015.pdf\" target=\"_blank\" rel=\"noopener\">Fachanwaltsordnung (FAO)<\/a><\/td>\n<\/tr>\n<\/tbody>\n<\/table>\n<p>Bitte lesen Sie hier den <a href=\"http:\/\/www.disclaimer.de\/disclaimer.htm?farbe=FFFFFF\/000000\/000000\/000000\" target=\"_blank\" rel=\"noopener\">Haftungshinweis<\/a> dieser Website<\/p>\n","protected":false},"excerpt":{"rendered":"<p>Verantwortlich f\u00fcr den Inhalt: Inhaber RA Ulf Karpe Sitz der Kanzlei: Torstra\u00dfe 105-107 10119 Berlin info@mp-kanzlei.com Zweigstellen: Pfalzplatz 14 06237 Leuna 034 61 &#8211; 277 990 Zust\u00e4ndige Kammer: Rechtsanwaltskammer des Landes Sachsen-Anhalt Gerhard-Hauptmann-Stra\u00dfe 5 39108 Magdeburg Berufshaftpflichtversicherung: R+V Versicherung AG Raiffeisenplatz 1 65189 Wiesbaden als Rechtsanw\u00e4lte sind wir gem\u00e4\u00df der Bundesrechtsanwaltsordnung (BRAO) verpflichtet, eine Berufshaftpflichtversicherung [&hellip;]<\/p>\n","protected":false},"author":1,"featured_media":0,"parent":0,"menu_order":0,"comment_status":"closed","ping_status":"closed","template":"","meta":{"footnotes":""},"class_list":["post-52","page","type-page","status-publish","hentry"],"_links":{"self":[{"href":"https:\/\/mp-kanzlei.com\/index.php?rest_route=\/wp\/v2\/pages\/52","targetHints":{"allow":["GET"]}}],"collection":[{"href":"https:\/\/mp-kanzlei.com\/index.php?rest_route=\/wp\/v2\/pages"}],"about":[{"href":"https:\/\/mp-kanzlei.com\/index.php?rest_route=\/wp\/v2\/types\/page"}],"author":[{"embeddable":true,"href":"https:\/\/mp-kanzlei.com\/index.php?rest_route=\/wp\/v2\/users\/1"}],"replies":[{"embeddable":true,"href":"https:\/\/mp-kanzlei.com\/index.php?rest_route=%2Fwp%2Fv2%2Fcomments&post=52"}],"version-history":[{"count":14,"href":"https:\/\/mp-kanzlei.com\/index.php?rest_route=\/wp\/v2\/pages\/52\/revisions"}],"predecessor-version":[{"id":1215,"href":"https:\/\/mp-kanzlei.com\/index.php?rest_route=\/wp\/v2\/pages\/52\/revisions\/1215"}],"wp:attachment":[{"href":"https:\/\/mp-kanzlei.com\/index.php?rest_route=%2Fwp%2Fv2%2Fmedia&parent=52"}],"curies":[{"name":"wp","href":"https:\/\/api.w.org\/{rel}","templated":true}]}}