{"id":32,"date":"2016-02-17T18:16:10","date_gmt":"2016-02-17T18:16:10","guid":{"rendered":"http:\/\/mp-kanzlei.com\/?page_id=32"},"modified":"2016-02-17T18:37:38","modified_gmt":"2016-02-17T18:37:38","slug":"verkehrsrecht","status":"publish","type":"page","link":"https:\/\/mp-kanzlei.com\/?page_id=32","title":{"rendered":"Verkehrsrecht"},"content":{"rendered":"<p>Nach \u00a0einem Unfall im Stra\u00dfenverkehr \u00fcbernehmen wir f\u00fcr Sie \u00a0die gesamte Abwicklung der entstandenen Sch\u00e4den, die Kl\u00e4rung der Haftungsfrage und die Korrespondenz mit der gegnerischen Haftpflichtversicherung. Gerade bei der Beurteilung der Haftungsquote und der Durchsetzung der Ihnen zustehenden Anspr\u00fcche z.B. auf Erstattung einer Unkostenpauschale, der Kosten eines unabh\u00e4ngigen Sachverst\u00e4ndigen, einer Nutzungsentsch\u00e4digung \/ Mietwagenkosten, einer merkantilen Wertminderung, der Reparaturkosten (auch auf der Basis eines Gutachtens), der Verbringungskosten zum Zwecke der Lackierung, der Berechnung eines UPE-Aufschlages, auf Schmerzensgeld und Haushaltsf\u00fchrungsschaden existiert eine zum Teil nur schwer \u00fcberschaubare Rechtslage. Hierbei stehen wir Ihnen gern zur Seite. Die bei uns anfallenden Kosten \u00fcbernimmt entsprechend der erzielten Haftungsquote die gegnerische Haftpflichtversicherung. Die Korrespondenz mit Ihrer Rechtsschutzversicherung erledigen wir ebenfalls gern f\u00fcr Sie.<\/p>\n<p>Daneben vertreten wir Sie beim Erhalt eines Bu\u00dfgeldbescheides (z. B. aufgrund \u00fcberh\u00f6hter Geschwindigkeit) oder beim Vorwurf einer Verkehrsstraftat vorgeworfen wird (z. B. Unfallflucht).<\/p>\n<p>Teil des Verkehrsrechts ist weiterhin der sonstige Bereich \u201erund ums Auto\u201c wie z.B. Probleme beim R\u00fccktritt vom einem Kaufvertrag \u00fcber einen Pkw, bei der Durchsetzung von Gew\u00e4hrleistungsrechten, namentlich bei M\u00e4ngeln an Gebrauchtwagen.<\/p>\n","protected":false},"excerpt":{"rendered":"<p>Nach \u00a0einem Unfall im Stra\u00dfenverkehr \u00fcbernehmen wir f\u00fcr Sie \u00a0die gesamte Abwicklung der entstandenen Sch\u00e4den, die Kl\u00e4rung der Haftungsfrage und die Korrespondenz mit der gegnerischen Haftpflichtversicherung. Gerade bei der Beurteilung der Haftungsquote und der Durchsetzung der Ihnen zustehenden Anspr\u00fcche z.B. auf Erstattung einer Unkostenpauschale, der Kosten eines unabh\u00e4ngigen Sachverst\u00e4ndigen, einer Nutzungsentsch\u00e4digung \/ Mietwagenkosten, einer merkantilen [&hellip;]<\/p>\n","protected":false},"author":1,"featured_media":0,"parent":16,"menu_order":0,"comment_status":"closed","ping_status":"closed","template":"","meta":{"footnotes":""},"class_list":["post-32","page","type-page","status-publish","hentry"],"_links":{"self":[{"href":"https:\/\/mp-kanzlei.com\/index.php?rest_route=\/wp\/v2\/pages\/32","targetHints":{"allow":["GET"]}}],"collection":[{"href":"https:\/\/mp-kanzlei.com\/index.php?rest_route=\/wp\/v2\/pages"}],"about":[{"href":"https:\/\/mp-kanzlei.com\/index.php?rest_route=\/wp\/v2\/types\/page"}],"author":[{"embeddable":true,"href":"https:\/\/mp-kanzlei.com\/index.php?rest_route=\/wp\/v2\/users\/1"}],"replies":[{"embeddable":true,"href":"https:\/\/mp-kanzlei.com\/index.php?rest_route=%2Fwp%2Fv2%2Fcomments&post=32"}],"version-history":[{"count":1,"href":"https:\/\/mp-kanzlei.com\/index.php?rest_route=\/wp\/v2\/pages\/32\/revisions"}],"predecessor-version":[{"id":33,"href":"https:\/\/mp-kanzlei.com\/index.php?rest_route=\/wp\/v2\/pages\/32\/revisions\/33"}],"up":[{"embeddable":true,"href":"https:\/\/mp-kanzlei.com\/index.php?rest_route=\/wp\/v2\/pages\/16"}],"wp:attachment":[{"href":"https:\/\/mp-kanzlei.com\/index.php?rest_route=%2Fwp%2Fv2%2Fmedia&parent=32"}],"curies":[{"name":"wp","href":"https:\/\/api.w.org\/{rel}","templated":true}]}}