{"id":30,"date":"2016-02-17T18:15:35","date_gmt":"2016-02-17T18:15:35","guid":{"rendered":"http:\/\/mp-kanzlei.com\/?page_id=30"},"modified":"2016-02-17T18:37:27","modified_gmt":"2016-02-17T18:37:27","slug":"steuerrecht","status":"publish","type":"page","link":"https:\/\/mp-kanzlei.com\/?page_id=30","title":{"rendered":"Steuerrecht"},"content":{"rendered":"<p>Auf dem Gebiet des Steuerrechts bieten wir Ihnen eine umfassende Beratung und Vertretung sowohl gegen\u00fcber den Finanzbeh\u00f6rden als auch vor den Finanzgerichten. Das umfasst insbesondere :<\/p>\n<ul>\n<li>die Erstellung der Finanzbuchhaltung einschlie\u00dflich der Auswertungen (BWA, GuV)<\/li>\n<li>die Erstellung und Abgabe der Umsatzsteuervoranmeldungen sowie der Jahreserkl\u00e4rungen<\/li>\n<li>den Jahresabschluss (Handelsbilanz, Steuerbilanz, Einnahmen\u00fcberschu\u00dfrechnung)<\/li>\n<li>Einkommensteuererkl\u00e4rung\/K\u00f6rperschaftsteuer\/Gewerbesteuer<\/li>\n<li>Lohnbuchhaltung einschlie\u00dflich der Anmeldungen bei den Tr\u00e4gern der Sozialversicherung und den Finanz\u00e4mtern<\/li>\n<li>Vertretung im Einspruchsverfahren gegen\u00fcber den Finanz\u00e4mtern sowie im Proze\u00df vor dem Finanzgericht und ggf. dem Bundesfinanzhof<\/li>\n<li>Beistand bei Betriebspr\u00fcfungen<\/li>\n<li>Bewertung und Beratung in komplexen steuerrechtlichen Situationen, beispielsweise steuerliche Auswirkungen der Anschaffung oder Ver\u00e4u\u00dferung von Betriebs- und Privatverm\u00f6gen (insbesondere Grundst\u00fccke, Beteiligungen an Unternehmen, sonstige Verm\u00f6gensgegenst\u00e4nde des Anlageverm\u00f6gens)<\/li>\n<li>Vorbereitung von Selbstanzeigen<\/li>\n<\/ul>\n<p>&nbsp;<\/p>\n","protected":false},"excerpt":{"rendered":"<p>Auf dem Gebiet des Steuerrechts bieten wir Ihnen eine umfassende Beratung und Vertretung sowohl gegen\u00fcber den Finanzbeh\u00f6rden als auch vor den Finanzgerichten. Das umfasst insbesondere : die Erstellung der Finanzbuchhaltung einschlie\u00dflich der Auswertungen (BWA, GuV) die Erstellung und Abgabe der Umsatzsteuervoranmeldungen sowie der Jahreserkl\u00e4rungen den Jahresabschluss (Handelsbilanz, Steuerbilanz, Einnahmen\u00fcberschu\u00dfrechnung) Einkommensteuererkl\u00e4rung\/K\u00f6rperschaftsteuer\/Gewerbesteuer Lohnbuchhaltung einschlie\u00dflich der Anmeldungen bei [&hellip;]<\/p>\n","protected":false},"author":1,"featured_media":0,"parent":16,"menu_order":0,"comment_status":"closed","ping_status":"closed","template":"","meta":{"footnotes":""},"class_list":["post-30","page","type-page","status-publish","hentry"],"_links":{"self":[{"href":"https:\/\/mp-kanzlei.com\/index.php?rest_route=\/wp\/v2\/pages\/30","targetHints":{"allow":["GET"]}}],"collection":[{"href":"https:\/\/mp-kanzlei.com\/index.php?rest_route=\/wp\/v2\/pages"}],"about":[{"href":"https:\/\/mp-kanzlei.com\/index.php?rest_route=\/wp\/v2\/types\/page"}],"author":[{"embeddable":true,"href":"https:\/\/mp-kanzlei.com\/index.php?rest_route=\/wp\/v2\/users\/1"}],"replies":[{"embeddable":true,"href":"https:\/\/mp-kanzlei.com\/index.php?rest_route=%2Fwp%2Fv2%2Fcomments&post=30"}],"version-history":[{"count":1,"href":"https:\/\/mp-kanzlei.com\/index.php?rest_route=\/wp\/v2\/pages\/30\/revisions"}],"predecessor-version":[{"id":31,"href":"https:\/\/mp-kanzlei.com\/index.php?rest_route=\/wp\/v2\/pages\/30\/revisions\/31"}],"up":[{"embeddable":true,"href":"https:\/\/mp-kanzlei.com\/index.php?rest_route=\/wp\/v2\/pages\/16"}],"wp:attachment":[{"href":"https:\/\/mp-kanzlei.com\/index.php?rest_route=%2Fwp%2Fv2%2Fmedia&parent=30"}],"curies":[{"name":"wp","href":"https:\/\/api.w.org\/{rel}","templated":true}]}}