{"id":289,"date":"2018-05-23T15:07:16","date_gmt":"2018-05-23T15:07:16","guid":{"rendered":"http:\/\/mp-kanzlei.com\/?page_id=289"},"modified":"2022-01-09T12:15:09","modified_gmt":"2022-01-09T12:15:09","slug":"datenschutz","status":"publish","type":"page","link":"https:\/\/mp-kanzlei.com\/?page_id=289","title":{"rendered":"Datenschutz"},"content":{"rendered":"<h3 style=\"padding-left: 30px;\">1. Name und Kontaktdaten des f\u00fcr die Verarbeitung von Daten\u00a0 Verantwortlichen<\/h3>\n<h4 style=\"padding-left: 30px;\">Verantwortlicher:<\/h4>\n<p style=\"padding-left: 30px;\">MP Kanzlei- RA Ulf Karpe<br \/>\nPfalzplatz 14 , 06237 Leuna, Deutschland<br \/>\nEmail: \u00a0 \u00a0 \u00a0 \u00a0 info@mp-kanzlei.com<br \/>\nTelefon: \u00a0 +49 (0)34 61 &#8211; 277 990<\/p>\n<h3><\/h3>\n<h3 style=\"padding-left: 30px;\">2. Erhebung und Speicherung personenbezogener Daten sowie Art und Zweck von deren Verwendung<\/h3>\n<h4 style=\"padding-left: 30px;\">a) Beim Besuch der Website<\/h4>\n<p style=\"padding-left: 30px;\">Beim Aufrufen unserer Website`s <span style=\"color: #993300;\">www.mp-kanzlei.com<\/span> oder <span style=\"color: #993300;\">www.kanzlei-leuna.de<\/span><br \/>\nwerden durch den auf Ihrem Endger\u00e4t zum Einsatz kommenden<br \/>\nBrowser automatisch Informationen an den Server unserer<br \/>\nWebsite gesendet. Diese Informationen werden tempor\u00e4r<br \/>\nin einem sog. Logfile gespeichert. Folgende Informationen<br \/>\nwerden dabei ohne Ihr Zutun erfasst und bis zur automatisierten<br \/>\nL\u00f6schung gespeichert:<br \/>\n\u2022 IP-Adresse des anfragenden Rechners,<br \/>\n\u2022 Datum und Uhrzeit des Zugriffs,<br \/>\n\u2022 Name und URL der abgerufenen Datei,<br \/>\n\u2022 Website, von der aus der Zugriff erfolgt (Referrer-URL),<br \/>\n\u2022 verwendeter Browser und ggf. das Betriebssystem Ihres<br \/>\nRechners sowie der Name Ihres Access-Providers.<br \/>\nDie genannten Daten werden durch uns zu folgenden<br \/>\nZwecken verarbeitet:<br \/>\n\u2022 Gew\u00e4hrleistung eines reibungslosen Verbindungsaufbaus<br \/>\nder Website,<br \/>\n\u2022 Gew\u00e4hrleistung einer komfortablen Nutzung unserer Website,<\/p>\n<p style=\"padding-left: 30px;\">\u2022 Auswertung der Systemsicherheit und -stabilit\u00e4t sowie<br \/>\n\u2022 zu weiteren administrativen Zwecken.<br \/>\nDie Rechtsgrundlage f\u00fcr die Datenverarbeitung ist Art. 6<br \/>\nAbs. 1 S. 1 lit. f DSGVO. Unser berechtigtes Interesse folgt<br \/>\naus oben aufgelisteten Zwecken zur Datenerhebung. In keinem<br \/>\nFall verwenden wir die erhobenen Daten zu dem Zweck,<br \/>\nR\u00fcckschl\u00fcsse auf Ihre Person zu ziehen.<br \/>\nDar\u00fcber hinaus setzen wir beim Besuch unserer Website<br \/>\nCookies sowie Analysedienste ein. N\u00e4here Erl\u00e4uterungen<br \/>\ndazu erhalten Sie unter den Ziff. 4 und 5 dieser Datenschutzerkl\u00e4rung.<\/p>\n<h4 style=\"padding-left: 30px;\">b)Kontaktaufnahme<\/h4>\n<p style=\"padding-left: 30px;\">Die Datenverarbeitung zum Zwecke der Kontaktaufnahme<br \/>\nmit uns erfolgt nach Art. 6 Abs. 1 S. 1 lit. a DSGVO auf<br \/>\nGrundlage Ihrer freiwillig erteilten Einwilligung.<\/p>\n<h3 style=\"padding-left: 30px;\">3. Weitergabe von Daten<\/h3>\n<p style=\"padding-left: 30px;\">Eine \u00dcbermittlung Ihrer pers\u00f6nlichen Daten an Dritte zu anderen<br \/>\nals den im Folgenden aufgef\u00fchrten Zwecken findet<br \/>\nnicht statt.<br \/>\nWir geben Ihre pers\u00f6nlichen Daten nur an Dritte weiter,<br \/>\nwenn:<br \/>\n\u2022 Sie Ihre nach Art. 6 Abs. 1 S. 1 lit. a DSGVO ausdr\u00fcckliche<br \/>\nEinwilligung dazu erteilt haben,<br \/>\n\u2022 die Weitergabe nach Art. 6 Abs. 1 S. 1 lit. f DSGVO zur<br \/>\nGeltendmachung, Aus\u00fcbung oder Verteidigung von Rechtsanspr\u00fcchen<br \/>\nerforderlich ist und kein Grund zur Annahme besteht,<br \/>\ndass Sie ein \u00fcberwiegendes schutzw\u00fcrdiges Interesse<br \/>\nan der Nichtweitergabe Ihrer Daten haben,<br \/>\n\u2022 f\u00fcr den Fall, dass f\u00fcr die Weitergabe nach Art. 6 Abs. 1 S. 1<br \/>\nlit. c DSGVO eine gesetzliche Verpflichtung besteht, sowie<br \/>\n\u2022 dies gesetzlich zul\u00e4ssig und nach Art. 6 Abs. 1 S. 1 lit. b<br \/>\nDSGVO f\u00fcr die Abwicklung von Vertragsverh\u00e4ltnissen mit Ihnen<br \/>\nerforderlich ist.<\/p>\n<h3 style=\"padding-left: 30px;\">4. Cookies<\/h3>\n<p style=\"padding-left: 30px;\">Wir setzen auf unserer Seite Cookies ein. Hierbei handelt es<br \/>\nsich um kleine Dateien, die Ihr Browser automatisch erstellt<br \/>\nund die auf Ihrem Endger\u00e4t (Laptop, Tablet, Smartphone o.\u00e4.)<br \/>\ngespeichert werden, wenn Sie unsere Seite besuchen.<\/p>\n<p style=\"padding-left: 30px;\">Cookies richten auf Ihrem Endger\u00e4t keinen Schaden an, enthalten keine<br \/>\nViren, Trojaner oder sonstige Schadsoftware.<br \/>\nIn dem Cookie werden Informationen abgelegt, die sich<br \/>\njeweils im Zusammenhang mit dem spezifisch eingesetzten<br \/>\nEndger\u00e4t ergeben. Dies bedeutet jedoch nicht, dass wir dadurch<br \/>\nunmittelbar Kenntnis von Ihrer Identit\u00e4t erhalten.<br \/>\nDer Einsatz von Cookies dient einerseits dazu, die Nutzung<br \/>\nunseres Angebots f\u00fcr Sie angenehmer zu gestalten. So<br \/>\nsetzen wir sogenannte Session-Cookies ein, um zu erkennen,<br \/>\ndass Sie einzelne Seiten unserer Website bereits besucht haben.<br \/>\nDiese werden nach Verlassen unserer Seite automatisch<br \/>\ngel\u00f6scht.<br \/>\nDar\u00fcber hinaus setzen wir ebenfalls zur Optimierung der<br \/>\nBenutzerfreundlichkeit tempor\u00e4re Cookies ein, die f\u00fcr einen<br \/>\nbestimmten festgelegten Zeitraum auf Ihrem Endger\u00e4t gespeichert<br \/>\nwerden. Besuchen Sie unsere Seite erneut, um unsere<br \/>\nDienste in Anspruch zu nehmen, wird automatisch erkannt,<br \/>\ndass Sie bereits bei uns waren und welche Eingaben<br \/>\nund Einstellungen sie get\u00e4tigt haben, um diese nicht noch<br \/>\neinmal eingeben zu m\u00fcssen.<br \/>\nZum anderen setzten wir Cookies ein, um die Nutzung<br \/>\nunserer Website statistisch zu erfassen und zum Zwecke der<br \/>\nOptimierung unseres Angebotes f\u00fcr Sie auszuwerten (siehe<br \/>\nZiff. 5). Diese Cookies erm\u00f6glichen es uns, bei einem erneuten<br \/>\nBesuch unserer Seite automatisch zu erkennen, dass Sie<br \/>\nbereits bei uns waren. Diese Cookies werden nach einer jeweils<br \/>\ndefinierten Zeit automatisch gel\u00f6scht.<br \/>\nDie durch Cookies verarbeiteten Daten sind f\u00fcr die genannten<br \/>\nZwecke zur Wahrung unserer berechtigten Interessen<br \/>\nsowie der Dritter nach Art. 6 Abs. 1 S. 1 lit. f DSGVO erforderlich.<br \/>\nDie meisten Browser akzeptieren Cookies automatisch.<br \/>\nSie k\u00f6nnen Ihren Browser jedoch so konfigurieren, dass keine<br \/>\nCookies auf Ihrem Computer gespeichert werden oder<br \/>\nstets ein Hinweis erscheint, bevor ein neuer Cookie angelegt<br \/>\nwird. Die vollst\u00e4ndige Deaktivierung von Cookies kann jedoch<br \/>\ndazu f\u00fchren, dass Sie nicht alle Funktionen unserer Website<br \/>\nnutzen k\u00f6nnen.<\/p>\n<h3 style=\"padding-left: 30px;\">5. Analyse-Tools<\/h3>\n<h4 style=\"padding-left: 30px;\">a) Tracking-Tools<\/h4>\n<p style=\"padding-left: 30px;\">Die im Folgenden aufgef\u00fchrten und von uns eingesetzten Tracking-<br \/>\nMa\u00dfnahmen werden auf Grundlage des Art. 6 Abs. 1 S. 1<br \/>\nlit. f DSGVO durchgef\u00fchrt. Mit den zum Einsatz kommenden<br \/>\nTracking-Ma\u00dfnahmen wollen wir eine bedarfsgerechte Gestaltung<br \/>\nund die fortlaufende Optimierung unserer Webseite sicherstellen.<br \/>\nZum anderen setzen wir die Tracking-Ma\u00dfnahmen<br \/>\nein, um die Nutzung unserer Webseite statistisch zu erfassen<br \/>\nund zum Zwecke der Optimierung unseres Angebotes<br \/>\nf\u00fcr Sie auszuwerten. Diese Interessen sind als berechtigt im<br \/>\nSinne der vorgenannten Vorschrift anzusehen.<br \/>\nDie jeweiligen Datenverarbeitungszwecke und Datenkategorien<br \/>\nsind aus den entsprechenden Tracking-Tools zu entnehmen.<br \/>\ni) Google Analytics1<br \/>\nZum Zwecke der bedarfsgerechten Gestaltung und fortlaufenden<br \/>\nOptimierung unserer Seiten nutzen wir Google Analytics,<br \/>\nein Webanalysedienst der Google Inc. (https:\/\/www.google.de\/<br \/>\nintl\/de\/about\/) (1600 Amphitheatre Parkway, Mountain View,<br \/>\nCA 94043, USA; im Folgenden \u201eGoogle\u201c). In diesem Zusammenhang<br \/>\nwerden pseudonymisierte Nutzungsprofile erstelltund Cookies (siehe unter Ziff. 4) verwendet.<\/p>\n<p style=\"padding-left: 30px;\">Die durch den Cookie erzeugten Informationen \u00fcber Ihre Benutzung dieser Website wie<br \/>\n\u2022 Browser-Typ\/-Version,<br \/>\n\u2022 verwendetes Betriebssystem,<br \/>\n\u2022 Referrer-URL (die zuvor besuchte Seite),<br \/>\n\u2022 Hostname des zugreifenden Rechners (IP-Adresse),<br \/>\n\u2022 Uhrzeit der Serveranfrage,<br \/>\nwerden an einen Server von Google in den USA \u00fcbertragen<br \/>\nund dort gespeichert. Die Informationen werden verwendet,<br \/>\num die Nutzung der Website auszuwerten, um Reports<br \/>\n\u00fcber die Websiteaktivit\u00e4ten zusammenzustellen und um weitere<br \/>\nmit der Websitenutzung und der Internetnutzung verbundene<br \/>\nDienstleistungen zu Zwecken der Marktforschung<br \/>\nund bedarfsgerechten Gestaltung dieser Internetseiten zu erbringen.<br \/>\nAuch werden diese Informationen gegebenenfalls<br \/>\nan Dritte \u00fcbertragen, sofern dies gesetzlich vorgeschrieben<br \/>\nist oder soweit Dritte diese Daten im Auftrag verarbeiten. Es<br \/>\nwird in keinem Fall Ihre IP-Adresse mit anderen Daten von<br \/>\nGoogle zusammengef\u00fchrt. Die IP-Adressen werden anonymisiert,<br \/>\nso dass eine Zuordnung nicht m\u00f6glich ist (IP-Masking).<br \/>\nSie k\u00f6nnen die Installation der Cookies durch eine entsprechende<br \/>\nEinstellung der Browser-Software verhindern;<br \/>\nwir weisen jedoch darauf hin, dass in diesem Fall gegebenenfalls<br \/>\nnicht s\u00e4mtliche Funktionen dieser Website vollumf\u00e4nglich<br \/>\ngenutzt werden k\u00f6nnen.<br \/>\nSie k\u00f6nnen dar\u00fcber hinaus die Erfassung der durch das<br \/>\nCookie erzeugten und auf Ihre Nutzung der Website bezogenen<br \/>\nDaten (inkl. Ihrer IP-Adresse) sowie die Verarbeitung<br \/>\ndieser Daten durch Google verhindern, indem Sie ein<br \/>\nBrowser-Add-on herunterladen und installieren (https:\/\/<br \/>\ntools.google.com\/dlpage\/gaoptout?hl=de).<br \/>\nAlternativ zum Browser-Add-on, insbesondere bei Browsern<br \/>\nauf mobilen Endger\u00e4ten, k\u00f6nnen Sie die Erfassung<br \/>\ndurch Google Analytics zudem verhindern, indem Sie auf<br \/>\nhttps:\/\/tools.google.com\/dlpage\/gaoptout klicken. Es wird ein<br \/>\nOpt-out-Cookie gesetzt, das die zuk\u00fcnftige Erfassung Ihrer<br \/>\nDaten beim Besuch dieser Website verhindert. Der Opt-out-<br \/>\nCookie gilt nur in diesem Browser und nur f\u00fcr unsere Website<br \/>\nund wird auf Ihrem Ger\u00e4t abgelegt. L\u00f6schen Sie die Cookies<br \/>\nin diesem Browser, m\u00fcssen Sie das Opt-out-Cookie erneut<br \/>\nsetzen.<br \/>\nWeitere Informationen zum Datenschutz im Zusammenhang<br \/>\nmit Google Analytics finden Sie etwa in der Google<br \/>\nAnalytics-Hilfe (https:\/\/support.google.com\/analytics\/answer\/<br \/>\n6004245?hl=de).<br \/>\nii) Google Adwords Conversion Tracking<br \/>\nUm die Nutzung unserer Webseite statistisch zu erfassen und<br \/>\nzum Zwecke der Optimierung unserer Website f\u00fcr Sie auszuwerten,<br \/>\nnutzen wir ferner das Google Conversion Tracking.<br \/>\nDabei wird von Google Adwords ein Cookie (siehe Ziffer 4)<br \/>\nauf Ihrem Rechner gesetzt, sofern Sie \u00fcber eine Google-Anzeige<br \/>\nauf unsere Webseite gelangt sind.<br \/>\nDiese Cookies verlieren nach 30 Tagen ihre G\u00fcltigkeit und<br \/>\ndienen nicht der pers\u00f6nlichen Identifizierung. Besucht der<br \/>\nNutzer bestimmte Seiten der Webseite des Adwords-Kunden<br \/>\nund das Cookie ist noch nicht abgelaufen,<\/p>\n<p style=\"padding-left: 30px;\">k\u00f6nnen Google\u00a0und der Kunde erkennen, dass der Nutzer auf die Anzeige geklickt<br \/>\nhat und zu dieser Seite weitergeleitet wurde.<br \/>\nJeder Adwords-Kunde erh\u00e4lt ein anderes Cookie. Cookies<br \/>\nk\u00f6nnen somit nicht \u00fcber die Webseiten von Adwords-Kunden<br \/>\nnachverfolgt werden. Die mithilfe des Conversion-Cookies<br \/>\neingeholten Informationen dienen dazu, Conversion-Statistiken<br \/>\nf\u00fcr Adwords-Kunden zu erstellen, die sich f\u00fcr Conversion-<br \/>\nTracking entschieden haben. Die Adwords-Kunden erfahren<br \/>\ndie Gesamtanzahl der Nutzer, die auf ihre Anzeige geklickt<br \/>\nhaben und zu einer mit einem Conversion-Tracking-<br \/>\nTag versehenen Seite weitergeleitet wurden. Sie erhalten jedoch<br \/>\nkeine Informationen, mit denen sich Nutzer pers\u00f6nlich<br \/>\nidentifizieren lassen.<br \/>\nWenn Sie nicht an dem Tracking-Verfahren teilnehmen<br \/>\nm\u00f6chten, k\u00f6nnen Sie auch das hierf\u00fcr erforderliche Setzen eines<br \/>\nCookies ablehnen \u2013 etwa per Browser-Einstellung, die das<br \/>\nautomatische Setzen von Cookies generell deaktiviert. Sie<br \/>\nk\u00f6nnen Cookies f\u00fcr Conversion-Tracking auch deaktivieren,<br \/>\nindem Sie Ihren Browser so einstellen, dass Cookies von der<br \/>\nDomain \u201ewww.googleadservices.com\u201c blockiert werden.<br \/>\nGoogles Datenschutzbelehrung zum Conversion-Tracking finden<br \/>\nSie hier (https:\/\/services.google.com\/sitestats\/de.html).<\/p>\n<h4 style=\"padding-left: 30px;\">b) Matomo<\/h4>\n<p style=\"padding-left: 30px;\">Wir verwenden die Open-Source-Software Matomo zur Analyse<br \/>\nund statistischen Auswertung der Nutzung der Website.<br \/>\nHierzu werden Cookies eingesetzt (siehe Ziffer 4). Die durch<br \/>\nden Cookie erzeugten Informationen \u00fcber die Websitenutzung<br \/>\nwerden an unsere Server \u00fcbertragen und in pseudonymen<br \/>\nNutzungsprofilen zusammengefasst. Die Informationen<br \/>\nwerden verwendet, um die Nutzung der Website auszuwerten<br \/>\nund um eine bedarfsgerechte Gestaltung unserer<br \/>\nWebsite zu erm\u00f6glichen. Eine Weitergabe der Informationen<br \/>\nan Dritte erfolgt nicht.<br \/>\nEs wird in keinem Fall die IP-Adresse mit anderen den<br \/>\nNutzer betreffenden Daten in Verbindung gebracht. Die IPAdressen<br \/>\nwerden anonymisiert, so dass eine Zuordnung nicht<br \/>\nm\u00f6glich ist (IP-Masking).<br \/>\nIhr Besuch dieser Webseite wird aktuell von der Matomo<br \/>\nWebanalyse erfasst. Klicken Sie hier (https:\/\/matamo.org\/<br \/>\ndocs\/privacy\/), damit Ihr Besuch nicht mehr erfasst wird.<\/p>\n<h3 style=\"padding-left: 30px;\">6. Betroffenenrechte<\/h3>\n<p style=\"padding-left: 30px;\">Sie haben das Recht:<br \/>\n\u2022 gem\u00e4\u00df Art. 15 DSGVO Auskunft \u00fcber Ihre von uns verarbeiteten<br \/>\npersonenbezogenen Daten zu verlangen. Insbesondere<br \/>\nk\u00f6nnen Sie Auskunft \u00fcber die Verarbeitungszwecke, die<br \/>\nKategorie der personenbezogenen Daten, die Kategorien von<br \/>\nEmpf\u00e4ngern, gegen\u00fcber denen Ihre Daten offengelegt wurden<br \/>\noder werden, die geplante Speicherdauer, das Bestehen eines<br \/>\nRechts auf Berichtigung, L\u00f6schung, Einschr\u00e4nkung der Verarbeitung<br \/>\noder Widerspruch, das Bestehen eines Beschwerderechts,<br \/>\ndie Herkunft ihrer Daten, sofern diese nicht bei uns erhoben<br \/>\nwurden, sowie \u00fcber das Bestehen einer automatisierten<br \/>\nEntscheidungsfindung einschlie\u00dflich Profiling und ggf. aussagekr\u00e4ftigen<br \/>\nInformationen zu deren Einzelheiten verlangen;<br \/>\n\u2022 gem\u00e4\u00df Art. 16 DSGVO unverz\u00fcglich die Berichtigung unrichtiger<br \/>\noder Vervollst\u00e4ndigung Ihrer bei uns gespeicherten<br \/>\npersonenbezogenen Daten zu verlangen;<br \/>\n\u2022 gem\u00e4\u00df Art. 17 DSGVO die L\u00f6schung Ihrer bei uns gespeicherten<br \/>\npersonenbezogenen Daten zu verlangen, soweit nicht<br \/>\ndie Verarbeitung zur Aus\u00fcbung des Rechts auf freie Meinungs\u00e4u\u00dferung<br \/>\nund Information, zur Erf\u00fcllung einer rechtlichen<br \/>\nVerpflichtung, aus Gr\u00fcnden des \u00f6ffentlichen Interesses<br \/>\noder zur Geltendmachung, Aus\u00fcbung oder Verteidigung<br \/>\nvon Rechtsanspr\u00fcchen erforderlich ist;<br \/>\n\u2022 gem\u00e4\u00df Art. 18 DSGVO die Einschr\u00e4nkung der Verarbeitung<br \/>\nIhrer personenbezogenen Daten zu verlangen, soweit<br \/>\ndie Richtigkeit der Daten von Ihnen bestritten wird, die Verarbeitung<br \/>\nunrechtm\u00e4\u00dfig ist, Sie aber deren L\u00f6schung ablehnen<br \/>\nund wir die Daten nicht mehr ben\u00f6tigen, Sie jedoch diese<br \/>\nzur Geltendmachung, Aus\u00fcbung oder Verteidigung von<br \/>\nRechtsanspr\u00fcchen ben\u00f6tigen oder Sie gem\u00e4\u00df Art. 21 DSGVO<br \/>\nWiderspruch gegen die Verarbeitung eingelegt haben;<br \/>\n\u2022 gem\u00e4\u00df Art. 20 DSGVO Ihre personenbezogenen Daten, die<br \/>\nSie uns bereitgestellt haben, in einem strukturierten, g\u00e4ngigen<br \/>\nund maschinenlesebaren Format zu erhalten oder die \u00dcbermittlung<br \/>\nan einen anderen Verantwortlichen zu verlangen;<br \/>\n\u2022 gem\u00e4\u00df Art. 7 Abs. 3 DSGVO Ihre einmal erteilte Einwilligung<br \/>\njederzeit gegen\u00fcber uns zu widerrufen. Dies hat zur Folge,<br \/>\ndass wir die Datenverarbeitung, die auf dieser Einwilligung<br \/>\nberuhte, f\u00fcr die Zukunft nicht mehr fortf\u00fchren d\u00fcrfen und<br \/>\n\u2022 gem\u00e4\u00df Art. 77 DSGVO sich bei einer Aufsichtsbeh\u00f6rde zu<br \/>\nbeschweren. In der Regel k\u00f6nnen Sie sich hierf\u00fcr an die Aufsichtsbeh\u00f6rde<br \/>\nIhres \u00fcblichen Aufenthaltsortes oder Arbeitsplatzes<br \/>\noder unseres Kanzleisitzes wenden.<\/p>\n<h3 style=\"padding-left: 30px;\">7. Widerspruchsrecht<\/h3>\n<p style=\"padding-left: 30px;\">Sofern Ihre personenbezogenen Daten auf Grundlage von berechtigten<br \/>\nInteressen gem\u00e4\u00df Art. 6 Abs. 1 S. 1 lit. f DSGVO<br \/>\nverarbeitet werden, haben Sie das Recht, gem\u00e4\u00df Art. 21<br \/>\nDSGVO Widerspruch gegen die Verarbeitung Ihrer personenbezogenen<br \/>\nDaten einzulegen, soweit daf\u00fcr Gr\u00fcnde vorliegen,<br \/>\ndie sich aus Ihrer besonderen Situation ergeben oder sich der<br \/>\nWiderspruch gegen Direktwerbung richtet. Im letzteren Fall<br \/>\nhaben Sie ein generelles Widerspruchsrecht, das ohne Angabe<br \/>\neiner besonderen Situation von uns umgesetzt wird.<br \/>\nM\u00f6chten Sie von Ihrem Widerrufs- oder Widerspruchsrecht<br \/>\nGebrauch machen, gen\u00fcgt eine E-Mail an:\u00a0 info@mp-kanzlei.com<\/p>\n<h3 style=\"padding-left: 30px;\">8. Datensicherheit<\/h3>\n<p style=\"padding-left: 30px;\">Wir verwenden innerhalb des Website-Besuchs das verbreitete<br \/>\nSSL-Verfahren (Secure Socket Layer) in Verbindung mit<br \/>\nder jeweils h\u00f6chsten Verschl\u00fcsselungsstufe, die von Ihrem<br \/>\nBrowser unterst\u00fctzt wird. In der Regel handelt es sich dabei<br \/>\num eine 256 Bit Verschl\u00fcsselung. Falls Ihr Browser keine<br \/>\n256-Bit Verschl\u00fcsselung unterst\u00fctzt, greifen wir stattdessen<br \/>\nauf 128-Bit v3 Technologie zur\u00fcck. Ob eine einzelne Seite unseres<br \/>\nInternetauftrittes verschl\u00fcsselt \u00fcbertragen wird, erkennen<br \/>\nSie an der geschlossenen Darstellung des Sch\u00fcssel- beziehungsweise<br \/>\nSchloss-Symbols in der unteren Statusleiste<br \/>\nIhres Browsers.<br \/>\nWir bedienen uns im \u00dcbrigen geeigneter technischer und<br \/>\norganisatorischer Sicherheitsma\u00dfnahmen, um Ihre Daten gegen<br \/>\nzuf\u00e4llige oder vors\u00e4tzliche Manipulationen, teilweisen<br \/>\noder vollst\u00e4ndigen Verlust, Zerst\u00f6rung oder gegen den unbefugten<br \/>\nZugriff Dritter zu sch\u00fctzen. Unsere Sicherheitsma\u00dfnahmen<br \/>\nwerden entsprechend der technologischen Entwicklung<br \/>\nfortlaufend verbessert.<\/p>\n<h3 style=\"padding-left: 30px;\">9. Aktualit\u00e4t und \u00c4nderung dieser Datenschutzerkl\u00e4rung<\/h3>\n<p style=\"padding-left: 30px;\">Diese Datenschutzerkl\u00e4rung ist aktuell g\u00fcltig und hat den<br \/>\nStand Mai 2018.<br \/>\nDurch die Weiterentwicklung unserer Website und Angebote<br \/>\ndar\u00fcber oder aufgrund ge\u00e4nderter gesetzlicher beziehungsweise<br \/>\nbeh\u00f6rdlicher Vorgaben kann es notwendig werden,<br \/>\ndiese Datenschutzerkl\u00e4rung zu \u00e4ndern. Die jeweils<br \/>\naktuelle Datenschutzerkl\u00e4rung kann jederzeit auf der Website<br \/>\nunter <a href=\"https:\/\/mp-kanzlei.com\/aktuelle-datenschutzerklaerung-05-2018\">Archiv Datenschutzerkl\u00e4rungen<\/a> von Ihnen<br \/>\nabgerufen\u00a0 werden.<\/p>\n","protected":false},"excerpt":{"rendered":"<p>1. Name und Kontaktdaten des f\u00fcr die Verarbeitung von Daten\u00a0 Verantwortlichen Verantwortlicher: MP Kanzlei- RA Ulf Karpe Pfalzplatz 14 , 06237 Leuna, Deutschland Email: \u00a0 \u00a0 \u00a0 \u00a0 info@mp-kanzlei.com Telefon: \u00a0 +49 (0)34 61 &#8211; 277 990 2. Erhebung und Speicherung personenbezogener Daten sowie Art und Zweck von deren Verwendung a) Beim Besuch der Website [&hellip;]<\/p>\n","protected":false},"author":1,"featured_media":0,"parent":0,"menu_order":0,"comment_status":"closed","ping_status":"closed","template":"","meta":{"footnotes":""},"class_list":["post-289","page","type-page","status-publish","hentry"],"_links":{"self":[{"href":"https:\/\/mp-kanzlei.com\/index.php?rest_route=\/wp\/v2\/pages\/289","targetHints":{"allow":["GET"]}}],"collection":[{"href":"https:\/\/mp-kanzlei.com\/index.php?rest_route=\/wp\/v2\/pages"}],"about":[{"href":"https:\/\/mp-kanzlei.com\/index.php?rest_route=\/wp\/v2\/types\/page"}],"author":[{"embeddable":true,"href":"https:\/\/mp-kanzlei.com\/index.php?rest_route=\/wp\/v2\/users\/1"}],"replies":[{"embeddable":true,"href":"https:\/\/mp-kanzlei.com\/index.php?rest_route=%2Fwp%2Fv2%2Fcomments&post=289"}],"version-history":[{"count":24,"href":"https:\/\/mp-kanzlei.com\/index.php?rest_route=\/wp\/v2\/pages\/289\/revisions"}],"predecessor-version":[{"id":991,"href":"https:\/\/mp-kanzlei.com\/index.php?rest_route=\/wp\/v2\/pages\/289\/revisions\/991"}],"wp:attachment":[{"href":"https:\/\/mp-kanzlei.com\/index.php?rest_route=%2Fwp%2Fv2%2Fmedia&parent=289"}],"curies":[{"name":"wp","href":"https:\/\/api.w.org\/{rel}","templated":true}]}}