{"id":26,"date":"2016-02-17T18:13:30","date_gmt":"2016-02-17T18:13:30","guid":{"rendered":"http:\/\/mp-kanzlei.com\/?page_id=26"},"modified":"2016-02-17T18:35:41","modified_gmt":"2016-02-17T18:35:41","slug":"arbeitsrecht","status":"publish","type":"page","link":"https:\/\/mp-kanzlei.com\/?page_id=26","title":{"rendered":"Arbeitsrecht"},"content":{"rendered":"<p>Arbeitgebern und Arbeitnehmern stehen wir Ihnen bei Anliegen rund um das Arbeitsrecht zur Seite.<\/p>\n<p>Dies betrifft insbesondere :<\/p>\n<ul>\n<li>die Gestaltung und \u00dcberpr\u00fcfung von Arbeitsvertr\u00e4gen<\/li>\n<li>Abmahnungen<\/li>\n<li>die strategische Vorgehensweise zur K\u00fcndigung von Arbeitsverh\u00e4ltnissen (Fristen, berechtigte K\u00fcndigungsgr\u00fcnde)<\/li>\n<li>Abwehr von K\u00fcndigungen, Erhebung der K\u00fcndigungsschutzklage mit der Zielstellung der Erhaltung des Arbeitsplatzes oder der Durchsetzung einer Abfindung<\/li>\n<li>Anspr\u00fcche auf Auszahlung von Lohn und Gehalt, der Urlaubsabgeltung, \u00dcberstundenverg\u00fctung, Freizeitausgleich<\/li>\n<li>Arbeitszeugnisse, sonstige Arbeitspapiere<\/li>\n<\/ul>\n","protected":false},"excerpt":{"rendered":"<p>Arbeitgebern und Arbeitnehmern stehen wir Ihnen bei Anliegen rund um das Arbeitsrecht zur Seite. Dies betrifft insbesondere : die Gestaltung und \u00dcberpr\u00fcfung von Arbeitsvertr\u00e4gen Abmahnungen die strategische Vorgehensweise zur K\u00fcndigung von Arbeitsverh\u00e4ltnissen (Fristen, berechtigte K\u00fcndigungsgr\u00fcnde) Abwehr von K\u00fcndigungen, Erhebung der K\u00fcndigungsschutzklage mit der Zielstellung der Erhaltung des Arbeitsplatzes oder der Durchsetzung einer Abfindung Anspr\u00fcche auf [&hellip;]<\/p>\n","protected":false},"author":1,"featured_media":0,"parent":16,"menu_order":0,"comment_status":"closed","ping_status":"closed","template":"","meta":{"footnotes":""},"class_list":["post-26","page","type-page","status-publish","hentry"],"_links":{"self":[{"href":"https:\/\/mp-kanzlei.com\/index.php?rest_route=\/wp\/v2\/pages\/26","targetHints":{"allow":["GET"]}}],"collection":[{"href":"https:\/\/mp-kanzlei.com\/index.php?rest_route=\/wp\/v2\/pages"}],"about":[{"href":"https:\/\/mp-kanzlei.com\/index.php?rest_route=\/wp\/v2\/types\/page"}],"author":[{"embeddable":true,"href":"https:\/\/mp-kanzlei.com\/index.php?rest_route=\/wp\/v2\/users\/1"}],"replies":[{"embeddable":true,"href":"https:\/\/mp-kanzlei.com\/index.php?rest_route=%2Fwp%2Fv2%2Fcomments&post=26"}],"version-history":[{"count":1,"href":"https:\/\/mp-kanzlei.com\/index.php?rest_route=\/wp\/v2\/pages\/26\/revisions"}],"predecessor-version":[{"id":27,"href":"https:\/\/mp-kanzlei.com\/index.php?rest_route=\/wp\/v2\/pages\/26\/revisions\/27"}],"up":[{"embeddable":true,"href":"https:\/\/mp-kanzlei.com\/index.php?rest_route=\/wp\/v2\/pages\/16"}],"wp:attachment":[{"href":"https:\/\/mp-kanzlei.com\/index.php?rest_route=%2Fwp%2Fv2%2Fmedia&parent=26"}],"curies":[{"name":"wp","href":"https:\/\/api.w.org\/{rel}","templated":true}]}}